{"id":82,"date":"2025-04-15T09:47:29","date_gmt":"2025-04-15T07:47:29","guid":{"rendered":"https:\/\/terroirmanager.digw.fr\/index.php\/home\/"},"modified":"2025-11-20T14:36:24","modified_gmt":"2025-11-20T13:36:24","slug":"accueil","status":"publish","type":"page","link":"https:\/\/terroirmanager.digw.fr\/","title":{"rendered":"Accueil"},"content":{"rendered":"\t\t<div data-elementor-type=\"wp-page\" data-elementor-id=\"82\" class=\"elementor elementor-82\" data-elementor-post-type=\"page\">\n\t\t\t\t<div class=\"elementor-element elementor-element-54e39ac7 e-flex e-con-boxed e-con e-parent\" data-id=\"54e39ac7\" data-element_type=\"container\">\n\t\t\t\t\t<div class=\"e-con-inner\">\n\t\t<div class=\"elementor-element elementor-element-515bf29a e-flex e-con-boxed e-con e-child\" data-id=\"515bf29a\" data-element_type=\"container\">\n\t\t\t\t\t<div class=\"e-con-inner\">\n\t\t\t\t<div class=\"elementor-element elementor-element-35b8bc3c elementor-hidden-desktop elementor-hidden-tablet elementor-hidden-mobile elementor-widget elementor-widget-heading\" data-id=\"35b8bc3c\" data-element_type=\"widget\" data-widget_type=\"heading.default\">\n\t\t\t\t<div class=\"elementor-widget-container\">\n\t\t\t\t\t<h1 class=\"elementor-heading-title elementor-size-default\">Terroir Manager<\/h1>\t\t\t\t<\/div>\n\t\t\t\t<\/div>\n\t\t\t\t<div class=\"elementor-element elementor-element-761f928a elementor-hidden-desktop elementor-hidden-tablet elementor-hidden-mobile elementor-widget elementor-widget-text-editor\" data-id=\"761f928a\" data-element_type=\"widget\" data-widget_type=\"text-editor.default\">\n\t\t\t\t<div class=\"elementor-widget-container\">\n\t\t\t\t\t\t\t\t\t<p>\u00ab\u00a0(R\u00e9)enchantons l\u2019univers du vin !\u00a0\u00bb<\/p>\t\t\t\t\t\t\t\t<\/div>\n\t\t\t\t<\/div>\n\t\t\t\t\t<\/div>\n\t\t\t\t<\/div>\n\t\t\t\t<div class=\"elementor-element elementor-element-1f4b1a1 elementor-widget elementor-widget-video\" data-id=\"1f4b1a1\" data-element_type=\"widget\" data-settings=\"{&quot;video_type&quot;:&quot;hosted&quot;,&quot;autoplay&quot;:&quot;yes&quot;,&quot;play_on_mobile&quot;:&quot;yes&quot;,&quot;mute&quot;:&quot;yes&quot;,&quot;loop&quot;:&quot;yes&quot;}\" data-widget_type=\"video.default\">\n\t\t\t\t<div class=\"elementor-widget-container\">\n\t\t\t\t\t\t\t<div class=\"e-hosted-video elementor-wrapper elementor-open-inline\">\n\t\t\t\t\t<video class=\"elementor-video\" src=\"http:\/\/terroirmanager.digw.fr\/wp-content\/uploads\/2025\/04\/Anim-Logo-TM.mp4\" autoplay=\"\" loop=\"\" muted=\"muted\" playsinline=\"\" controlsList=\"nodownload\" poster=\"http:\/\/terroirmanager.digw.fr\/wp-content\/uploads\/2025\/04\/tva-bleu.png\"><\/video>\n\t\t\t\t<\/div>\n\t\t\t\t\t\t<\/div>\n\t\t\t\t<\/div>\n\t\t\t\t\t<\/div>\n\t\t\t\t<\/div>\n\t\t<div class=\"elementor-element elementor-element-5393bafa e-flex e-con-boxed e-con e-parent\" data-id=\"5393bafa\" data-element_type=\"container\">\n\t\t\t\t\t<div class=\"e-con-inner\">\n\t\t<div class=\"elementor-element elementor-element-5b9b0e3 e-con-full e-flex e-con e-child\" data-id=\"5b9b0e3\" data-element_type=\"container\">\n\t\t\t\t<div class=\"elementor-element elementor-element-94f6c36 elementor-invisible elementor-widget elementor-widget-image\" data-id=\"94f6c36\" data-element_type=\"widget\" data-settings=\"{&quot;motion_fx_motion_fx_mouse&quot;:&quot;yes&quot;,&quot;_animation&quot;:&quot;fadeIn&quot;}\" data-widget_type=\"image.default\">\n\t\t\t\t<div class=\"elementor-widget-container\">\n\t\t\t\t\t\t\t\t\t\t\t\t\t\t\t<img fetchpriority=\"high\" decoding=\"async\" width=\"731\" height=\"472\" src=\"https:\/\/terroirmanager.digw.fr\/wp-content\/uploads\/2025\/04\/tva-bleu.png\" class=\"attachment-large size-large wp-image-168\" alt=\"\" srcset=\"https:\/\/terroirmanager.digw.fr\/wp-content\/uploads\/2025\/04\/tva-bleu.png 731w, https:\/\/terroirmanager.digw.fr\/wp-content\/uploads\/2025\/04\/tva-bleu-300x194.png 300w\" sizes=\"(max-width: 731px) 100vw, 731px\" \/>\t\t\t\t\t\t\t\t\t\t\t\t\t\t\t<\/div>\n\t\t\t\t<\/div>\n\t\t\t\t<\/div>\n\t\t<div class=\"elementor-element elementor-element-6ea209ba e-con-full e-flex e-con e-child\" data-id=\"6ea209ba\" data-element_type=\"container\">\n\t\t\t\t<div class=\"elementor-element elementor-element-179697b8 elementor-invisible elementor-widget elementor-widget-heading\" data-id=\"179697b8\" data-element_type=\"widget\" data-settings=\"{&quot;_animation&quot;:&quot;fadeInUp&quot;}\" data-widget_type=\"heading.default\">\n\t\t\t\t<div class=\"elementor-widget-container\">\n\t\t\t\t\t<h5 class=\"elementor-heading-title elementor-size-default\">J\u00e9r\u00e9my ARNAUD, dirigeant \u2013 fondateur<\/h5>\t\t\t\t<\/div>\n\t\t\t\t<\/div>\n\t\t\t\t<div class=\"elementor-element elementor-element-40bbbc7a elementor-widget elementor-widget-heading\" data-id=\"40bbbc7a\" data-element_type=\"widget\" data-widget_type=\"heading.default\">\n\t\t\t\t<div class=\"elementor-widget-container\">\n\t\t\t\t\t<h2 class=\"elementor-heading-title elementor-size-default\">\u00ab (R\u00e9)enchantons l\u2019univers du vin ! \u00bb<\/h2>\t\t\t\t<\/div>\n\t\t\t\t<\/div>\n\t\t\t\t<div class=\"elementor-element elementor-element-272348d6 elementor-widget elementor-widget-text-editor\" data-id=\"272348d6\" data-element_type=\"widget\" data-widget_type=\"text-editor.default\">\n\t\t\t\t<div class=\"elementor-widget-container\">\n\t\t\t\t\t\t\t\t\t<p><b>Expert de la nouvelle consommation et des nouveaux consommateurs,<\/b><span style=\"font-weight: 400;\"> Terroir Manager (TM) \u00e9labore et accompagne les strat\u00e9gies de (re)positionnement, collectives et individuelles, dans l\u2019univers du vin.<\/span><\/p><p><b>Con\u00e7ue et actualis\u00e9e par J\u00e9r\u00e9my ARNAUD<\/b><span style=\"font-weight: 400;\">, la m\u00e9thode d\u2019analyse et de recommandation de TM est \u00e0 l\u2019origine de nombreuses strat\u00e9gies vitivinicoles fran\u00e7aises depuis 2000 (Ros\u00e9 Tendance de Provence, Cahors Malbec, Beaujolais Nouvelle G\u00e9n\u00e9ration, Fan de Chenin, Ros\u00e9s de Terroirs etc).<\/span><\/p><p><b>Allant de la simple conf\u00e9rence \u00e0 l\u2019\u00e9laboration totale et au suivi pluriannuel d\u2019une strat\u00e9gie, <\/b><span style=\"font-weight: 400;\">les formes d\u2019intervention de TM sont multiples, en France comme \u00e0 l\u2019\u00e9tranger.\u00a0<\/span><\/p><p><b>Depuis janvier 2025<\/b><span style=\"font-weight: 400;\">, <\/span><a href=\"https:\/\/www.linkedin.com\/showcase\/106110594\/admin\/dashboard\/\"><span style=\"font-weight: 400;\">Drinks Manager<\/span><\/a><span style=\"font-weight: 400;\"> compl\u00e8te l\u2019expertise de Terroir Manager de mani\u00e8re \u00e0 accompagner les vignerons dans l\u2019\u00e9laboration et le positionnement de boissons \u00e0 base ou non de vin ou de raisin.\u00a0 <\/span><\/p>\t\t\t\t\t\t\t\t<\/div>\n\t\t\t\t<\/div>\n\t\t\t\t<div class=\"elementor-element elementor-element-298d6c8f elementor-tablet-align-center elementor-widget-mobile__width-inherit elementor-invisible elementor-widget elementor-widget-button\" data-id=\"298d6c8f\" data-element_type=\"widget\" data-settings=\"{&quot;_animation&quot;:&quot;fadeInDown&quot;}\" data-widget_type=\"button.default\">\n\t\t\t\t<div class=\"elementor-widget-container\">\n\t\t\t\t\t\t\t\t\t<div class=\"elementor-button-wrapper\">\n\t\t\t\t\t<a class=\"elementor-button elementor-button-link elementor-size-md\" href=\"mailto:jarnaud@terroimanager.com\">\n\t\t\t\t\t\t<span class=\"elementor-button-content-wrapper\">\n\t\t\t\t\t\t\t\t\t<span class=\"elementor-button-text\">Demandez un devis<\/span>\n\t\t\t\t\t<\/span>\n\t\t\t\t\t<\/a>\n\t\t\t\t<\/div>\n\t\t\t\t\t\t\t\t<\/div>\n\t\t\t\t<\/div>\n\t\t\t\t<div class=\"elementor-element elementor-element-2b0ea63 elementor-widget elementor-widget-menu-anchor\" data-id=\"2b0ea63\" data-element_type=\"widget\" data-widget_type=\"menu-anchor.default\">\n\t\t\t\t<div class=\"elementor-widget-container\">\n\t\t\t\t\t\t\t<div class=\"elementor-menu-anchor\" id=\"services\"><\/div>\n\t\t\t\t\t\t<\/div>\n\t\t\t\t<\/div>\n\t\t\t\t<\/div>\n\t\t\t\t\t<\/div>\n\t\t\t\t<\/div>\n\t\t\t\t<\/div>\n\t\t","protected":false},"excerpt":{"rendered":"<p>Terroir Manager \u00ab\u00a0(R\u00e9)enchantons l\u2019univers du vin !\u00a0\u00bb http:\/\/terroirmanager.digw.fr\/wp-content\/uploads\/2025\/04\/Anim-Logo-TM.mp4 J\u00e9r\u00e9my ARNAUD, dirigeant \u2013 fondateur \u00ab (R\u00e9)enchantons l\u2019univers du vin ! \u00bb Expert de la nouvelle consommation et des nouveaux consommateurs, Terroir Manager (TM) \u00e9labore et accompagne les strat\u00e9gies de (re)positionnement, collectives et individuelles, dans l\u2019univers du vin. Con\u00e7ue et actualis\u00e9e par J\u00e9r\u00e9my ARNAUD, la m\u00e9thode d\u2019analyse [&hellip;]<\/p>\n","protected":false},"author":1,"featured_media":0,"parent":0,"menu_order":0,"comment_status":"closed","ping_status":"closed","template":"elementor_header_footer","meta":{"footnotes":""},"class_list":["post-82","page","type-page","status-publish","hentry"],"_links":{"self":[{"href":"https:\/\/terroirmanager.digw.fr\/index.php\/wp-json\/wp\/v2\/pages\/82","targetHints":{"allow":["GET"]}}],"collection":[{"href":"https:\/\/terroirmanager.digw.fr\/index.php\/wp-json\/wp\/v2\/pages"}],"about":[{"href":"https:\/\/terroirmanager.digw.fr\/index.php\/wp-json\/wp\/v2\/types\/page"}],"author":[{"embeddable":true,"href":"https:\/\/terroirmanager.digw.fr\/index.php\/wp-json\/wp\/v2\/users\/1"}],"replies":[{"embeddable":true,"href":"https:\/\/terroirmanager.digw.fr\/index.php\/wp-json\/wp\/v2\/comments?post=82"}],"version-history":[{"count":82,"href":"https:\/\/terroirmanager.digw.fr\/index.php\/wp-json\/wp\/v2\/pages\/82\/revisions"}],"predecessor-version":[{"id":324,"href":"https:\/\/terroirmanager.digw.fr\/index.php\/wp-json\/wp\/v2\/pages\/82\/revisions\/324"}],"wp:attachment":[{"href":"https:\/\/terroirmanager.digw.fr\/index.php\/wp-json\/wp\/v2\/media?parent=82"}],"curies":[{"name":"wp","href":"https:\/\/api.w.org\/{rel}","templated":true}]}}